{"id":703,"date":"2025-12-09T15:54:10","date_gmt":"2025-12-09T20:54:10","guid":{"rendered":"https:\/\/cisealda.com\/produit\/etudiant\/"},"modified":"2025-12-09T15:54:10","modified_gmt":"2025-12-09T20:54:10","slug":"etudiant","status":"publish","type":"product","link":"https:\/\/cisealda.com\/en\/produit\/etudiant\/","title":{"rendered":"\u00e9tudiant"},"content":{"rendered":"<p>admission \u00e9tudiant (e)<\/p>\n","protected":false},"excerpt":{"rendered":"<p>admission \u00e9tudiant (e)<\/p>\n","protected":false},"featured_media":704,"template":"","meta":{"_acf_changed":false,"inline_featured_image":false},"product_brand":[],"product_cat":[46,50],"product_tag":[],"class_list":{"0":"post-703","1":"product","2":"type-product","3":"status-publish","4":"has-post-thumbnail","6":"wc_square_synced-yes","7":"product_cat-article-promotionnel","8":"product_cat-exposition-permanente","10":"first","11":"outofstock","12":"taxable","13":"shipping-taxable","14":"purchasable","15":"product-type-simple"},"acf":[],"yoast_head":"<!-- This site is optimized with the Yoast SEO plugin v26.6 - https:\/\/yoast.com\/wordpress\/plugins\/seo\/ -->\n<title>\u00e9tudiant - CISEA<\/title>\n<meta name=\"robots\" content=\"index, follow, max-snippet:-1, max-image-preview:large, max-video-preview:-1\" \/>\n<link rel=\"canonical\" href=\"https:\/\/cisealda.com\/en\/produit\/etudiant\/\" \/>\n<meta property=\"og:locale\" content=\"en_US\" \/>\n<meta property=\"og:type\" content=\"article\" \/>\n<meta property=\"og:title\" content=\"\u00e9tudiant - CISEA\" \/>\n<meta property=\"og:description\" content=\"admission \u00e9tudiant (e)\" \/>\n<meta property=\"og:url\" content=\"https:\/\/cisealda.com\/en\/produit\/etudiant\/\" \/>\n<meta property=\"og:site_name\" content=\"CISEA\" \/>\n<meta property=\"og:image\" content=\"https:\/\/cisealda.com\/wp-content\/uploads\/2025\/12\/partage-sociaux.jpg\" \/>\n\t<meta property=\"og:image:width\" content=\"1200\" \/>\n\t<meta property=\"og:image:height\" content=\"675\" \/>\n\t<meta property=\"og:image:type\" content=\"image\/jpeg\" \/>\n<meta name=\"twitter:card\" content=\"summary_large_image\" \/>\n<script type=\"application\/ld+json\" class=\"yoast-schema-graph\">{\"@context\":\"https:\/\/schema.org\",\"@graph\":[{\"@type\":\"WebPage\",\"@id\":\"https:\/\/cisealda.com\/en\/produit\/etudiant\/\",\"url\":\"https:\/\/cisealda.com\/en\/produit\/etudiant\/\",\"name\":\"\u00e9tudiant - CISEA\",\"isPartOf\":{\"@id\":\"https:\/\/cisealda.com\/en\/#website\"},\"primaryImageOfPage\":{\"@id\":\"https:\/\/cisealda.com\/en\/produit\/etudiant\/#primaryimage\"},\"image\":{\"@id\":\"https:\/\/cisealda.com\/en\/produit\/etudiant\/#primaryimage\"},\"thumbnailUrl\":\"https:\/\/cisealda.com\/wp-content\/uploads\/2025\/12\/original-scaled.jpeg\",\"datePublished\":\"2025-12-09T20:54:10+00:00\",\"breadcrumb\":{\"@id\":\"https:\/\/cisealda.com\/en\/produit\/etudiant\/#breadcrumb\"},\"inLanguage\":\"en-US\",\"potentialAction\":[{\"@type\":\"ReadAction\",\"target\":[\"https:\/\/cisealda.com\/en\/produit\/etudiant\/\"]}]},{\"@type\":\"ImageObject\",\"inLanguage\":\"en-US\",\"@id\":\"https:\/\/cisealda.com\/en\/produit\/etudiant\/#primaryimage\",\"url\":\"https:\/\/cisealda.com\/wp-content\/uploads\/2025\/12\/original-scaled.jpeg\",\"contentUrl\":\"https:\/\/cisealda.com\/wp-content\/uploads\/2025\/12\/original-scaled.jpeg\",\"width\":1920,\"height\":2560},{\"@type\":\"BreadcrumbList\",\"@id\":\"https:\/\/cisealda.com\/en\/produit\/etudiant\/#breadcrumb\",\"itemListElement\":[{\"@type\":\"ListItem\",\"position\":1,\"name\":\"Accueil\",\"item\":\"https:\/\/cisealda.com\/en\/\"},{\"@type\":\"ListItem\",\"position\":2,\"name\":\"\u00e9tudiant\"}]},{\"@type\":\"WebSite\",\"@id\":\"https:\/\/cisealda.com\/en\/#website\",\"url\":\"https:\/\/cisealda.com\/en\/\",\"name\":\"CISEA\",\"description\":\"Centre d\u2019interpr\u00e9tation des salmonid\u00e9s et des \u00e9cosyst\u00e8mes aquatiques\",\"publisher\":{\"@id\":\"https:\/\/cisealda.com\/en\/#organization\"},\"potentialAction\":[{\"@type\":\"SearchAction\",\"target\":{\"@type\":\"EntryPoint\",\"urlTemplate\":\"https:\/\/cisealda.com\/en\/?s={search_term_string}\"},\"query-input\":{\"@type\":\"PropertyValueSpecification\",\"valueRequired\":true,\"valueName\":\"search_term_string\"}}],\"inLanguage\":\"en-US\"},{\"@type\":\"Organization\",\"@id\":\"https:\/\/cisealda.com\/en\/#organization\",\"name\":\"CISEA\",\"url\":\"https:\/\/cisealda.com\/en\/\",\"logo\":{\"@type\":\"ImageObject\",\"inLanguage\":\"en-US\",\"@id\":\"https:\/\/cisealda.com\/en\/#\/schema\/logo\/image\/\",\"url\":\"https:\/\/cisealda.com\/wp-content\/uploads\/2025\/12\/partage-sociaux.jpg\",\"contentUrl\":\"https:\/\/cisealda.com\/wp-content\/uploads\/2025\/12\/partage-sociaux.jpg\",\"width\":1200,\"height\":675,\"caption\":\"CISEA\"},\"image\":{\"@id\":\"https:\/\/cisealda.com\/en\/#\/schema\/logo\/image\/\"}}]}<\/script>\n<!-- \/ Yoast SEO plugin. -->","yoast_head_json":{"title":"\u00e9tudiant - CISEA","robots":{"index":"index","follow":"follow","max-snippet":"max-snippet:-1","max-image-preview":"max-image-preview:large","max-video-preview":"max-video-preview:-1"},"canonical":"https:\/\/cisealda.com\/en\/produit\/etudiant\/","og_locale":"en_US","og_type":"article","og_title":"\u00e9tudiant - CISEA","og_description":"admission \u00e9tudiant (e)","og_url":"https:\/\/cisealda.com\/en\/produit\/etudiant\/","og_site_name":"CISEA","og_image":[{"width":1200,"height":675,"url":"https:\/\/cisealda.com\/wp-content\/uploads\/2025\/12\/partage-sociaux.jpg","type":"image\/jpeg"}],"twitter_card":"summary_large_image","schema":{"@context":"https:\/\/schema.org","@graph":[{"@type":"WebPage","@id":"https:\/\/cisealda.com\/en\/produit\/etudiant\/","url":"https:\/\/cisealda.com\/en\/produit\/etudiant\/","name":"\u00e9tudiant - CISEA","isPartOf":{"@id":"https:\/\/cisealda.com\/en\/#website"},"primaryImageOfPage":{"@id":"https:\/\/cisealda.com\/en\/produit\/etudiant\/#primaryimage"},"image":{"@id":"https:\/\/cisealda.com\/en\/produit\/etudiant\/#primaryimage"},"thumbnailUrl":"https:\/\/cisealda.com\/wp-content\/uploads\/2025\/12\/original-scaled.jpeg","datePublished":"2025-12-09T20:54:10+00:00","breadcrumb":{"@id":"https:\/\/cisealda.com\/en\/produit\/etudiant\/#breadcrumb"},"inLanguage":"en-US","potentialAction":[{"@type":"ReadAction","target":["https:\/\/cisealda.com\/en\/produit\/etudiant\/"]}]},{"@type":"ImageObject","inLanguage":"en-US","@id":"https:\/\/cisealda.com\/en\/produit\/etudiant\/#primaryimage","url":"https:\/\/cisealda.com\/wp-content\/uploads\/2025\/12\/original-scaled.jpeg","contentUrl":"https:\/\/cisealda.com\/wp-content\/uploads\/2025\/12\/original-scaled.jpeg","width":1920,"height":2560},{"@type":"BreadcrumbList","@id":"https:\/\/cisealda.com\/en\/produit\/etudiant\/#breadcrumb","itemListElement":[{"@type":"ListItem","position":1,"name":"Accueil","item":"https:\/\/cisealda.com\/en\/"},{"@type":"ListItem","position":2,"name":"\u00e9tudiant"}]},{"@type":"WebSite","@id":"https:\/\/cisealda.com\/en\/#website","url":"https:\/\/cisealda.com\/en\/","name":"CISEA","description":"Centre d\u2019interpr\u00e9tation des salmonid\u00e9s et des \u00e9cosyst\u00e8mes aquatiques","publisher":{"@id":"https:\/\/cisealda.com\/en\/#organization"},"potentialAction":[{"@type":"SearchAction","target":{"@type":"EntryPoint","urlTemplate":"https:\/\/cisealda.com\/en\/?s={search_term_string}"},"query-input":{"@type":"PropertyValueSpecification","valueRequired":true,"valueName":"search_term_string"}}],"inLanguage":"en-US"},{"@type":"Organization","@id":"https:\/\/cisealda.com\/en\/#organization","name":"CISEA","url":"https:\/\/cisealda.com\/en\/","logo":{"@type":"ImageObject","inLanguage":"en-US","@id":"https:\/\/cisealda.com\/en\/#\/schema\/logo\/image\/","url":"https:\/\/cisealda.com\/wp-content\/uploads\/2025\/12\/partage-sociaux.jpg","contentUrl":"https:\/\/cisealda.com\/wp-content\/uploads\/2025\/12\/partage-sociaux.jpg","width":1200,"height":675,"caption":"CISEA"},"image":{"@id":"https:\/\/cisealda.com\/en\/#\/schema\/logo\/image\/"}}]}},"_links":{"self":[{"href":"https:\/\/cisealda.com\/en\/wp-json\/wp\/v2\/product\/703","targetHints":{"allow":["GET"]}}],"collection":[{"href":"https:\/\/cisealda.com\/en\/wp-json\/wp\/v2\/product"}],"about":[{"href":"https:\/\/cisealda.com\/en\/wp-json\/wp\/v2\/types\/product"}],"wp:featuredmedia":[{"embeddable":true,"href":"https:\/\/cisealda.com\/en\/wp-json\/wp\/v2\/media\/704"}],"wp:attachment":[{"href":"https:\/\/cisealda.com\/en\/wp-json\/wp\/v2\/media?parent=703"}],"wp:term":[{"taxonomy":"product_brand","embeddable":true,"href":"https:\/\/cisealda.com\/en\/wp-json\/wp\/v2\/product_brand?post=703"},{"taxonomy":"product_cat","embeddable":true,"href":"https:\/\/cisealda.com\/en\/wp-json\/wp\/v2\/product_cat?post=703"},{"taxonomy":"product_tag","embeddable":true,"href":"https:\/\/cisealda.com\/en\/wp-json\/wp\/v2\/product_tag?post=703"}],"curies":[{"name":"wp","href":"https:\/\/api.w.org\/{rel}","templated":true}]}}